{"id":3816,"date":"2024-04-12T13:14:50","date_gmt":"2024-04-12T13:14:50","guid":{"rendered":"https:\/\/ga.digitalmarketsolution.com\/privacy-policy\/"},"modified":"2024-04-12T15:59:50","modified_gmt":"2024-04-12T15:59:50","slug":"privacy-policy","status":"publish","type":"page","link":"https:\/\/gestionagir.com\/en\/privacy-policy\/","title":{"rendered":"PRIVACY POLICY"},"content":{"rendered":"<div class=\"fusion-fullwidth fullwidth-box fusion-builder-row-1 fusion-flex-container has-pattern-background has-mask-background nonhundred-percent-fullwidth non-hundred-percent-height-scrolling\" style=\"--awb-border-radius-top-left:0px;--awb-border-radius-top-right:0px;--awb-border-radius-bottom-right:0px;--awb-border-radius-bottom-left:0px;--awb-padding-top:5%;--awb-flex-wrap:wrap;\" ><div class=\"fusion-builder-row fusion-row fusion-flex-align-items-flex-start fusion-flex-content-wrap\" style=\"max-width:1372.8px;margin-left: calc(-4% \/ 2 );margin-right: calc(-4% \/ 2 );\"><div class=\"fusion-layout-column fusion_builder_column fusion-builder-column-0 fusion_builder_column_1_1 1_1 fusion-flex-column\" style=\"--awb-bg-size:cover;--awb-width-large:100%;--awb-margin-top-large:0px;--awb-spacing-right-large:1.92%;--awb-margin-bottom-large:20px;--awb-spacing-left-large:1.92%;--awb-width-medium:100%;--awb-order-medium:0;--awb-spacing-right-medium:1.92%;--awb-spacing-left-medium:1.92%;--awb-width-small:100%;--awb-order-small:0;--awb-spacing-right-small:1.92%;--awb-spacing-left-small:1.92%;\"><div class=\"fusion-column-wrapper fusion-column-has-shadow fusion-flex-justify-content-flex-start fusion-content-layout-column\"><div class=\"fusion-text fusion-text-1\" style=\"--awb-margin-right:150px;--awb-margin-left:150px;\"><p>The purpose of this privacy policy is to inform users of our website www.gestionagir.com about the personal data we collect and how we use it.<\/p>\n<p><strong>Gestion Agir<\/strong> strictly comply with Quebec Law 25 regarding the protection of personal data. This privacy policy also outlines our commitment and the measures taken to ensure the security of your personal information.<\/p>\n<ol>\n<li><strong> Types of Personal Data Collected<\/strong><\/li>\n<li><strong> Use of Collected Personal Information<\/strong><\/li>\n<li><strong> Data Security Protocols<\/strong><\/li>\n<li><strong>Your Rights<\/strong><\/li>\n<\/ol>\n<h2>Types of Personal Data Collected<\/h2>\n<h3>Automatically Collected Data<\/h3>\n<p>During your visit to <strong>www.gestionagir.com<\/strong>, we automatically collect<br \/>\ninformation about your device and your interaction with<br \/>\nour site via the <strong>Google Analytics <\/strong> tool.<\/p>\n<p>This includes the following data :<\/p>\n<ul>\n<li>IP address<\/li>\n<li>Location<\/li>\n<li>Hardware and software details<\/li>\n<li>Content the user views on our site<\/li>\n<li>Links the user clicks on while visiting the site<\/li>\n<\/ul>\n<h3>Non-Automatically Collected Personal Data<\/h3>\n<p>Your personal data is collected via:<\/p>\n<ul>\n<li><strong>Contact form<\/strong><\/li>\n<li><strong>Account creation<\/strong><\/li>\n<li><strong>Account creation<\/strong><\/li>\n<\/ul>\n<h3>This includes the following data :<\/h3>\n<ul>\n<li><strong>First name<\/strong><\/li>\n<li><strong>Last name<\/strong><\/li>\n<li><strong>Mailing address<\/strong><\/li>\n<li><strong>Date of birth<\/strong><\/li>\n<li><strong>Age<\/strong><\/li>\n<li><strong>Email<\/strong><\/li>\n<li><strong>Cell phone number<\/strong><\/li>\n<li><strong>Password for your account on our site<\/strong><\/li>\n<li><strong>Payment information<\/strong><\/li>\n<\/ul>\n<h2>Use of Collected Personal Information<\/h2>\n<p>Please note that we only collect data that helps us achieve the objective stated in this privacy policy. We will not collect additional data without informing you beforehand.<\/p>\n<p>We use this data to :<\/p>\n<ul>\n<li>Fulfill contracts<\/li>\n<li>Send promotional offers and targeted communications via our newsletter<\/li>\n<li>Conduct statistical analysis to improve the site<\/li>\n<li>Track orders<\/li>\n<li>As part of a data security protocol<\/li>\n<\/ul>\n<h3>Security Measures<\/h3>\n<p>Your data is stored in a secure and controlled environment. We use SSL protocols and robust security measures with dual<br \/>\nauthentication to prevent unauthorized access.<br \/>\nWe commit to not selling or sharing your data with third parties unless required by law or in the case of a legal proceeding.<br \/>\nWe may disclose to any member of our organization the user data they reasonably need to achieve the objectives stated<br \/>\nin this policy.<\/p>\n<h3>International Transfer<\/h3>\n<p>User data may be accessed, processed, or collected in the<br \/>\nfollowing countries : <strong>Canada<\/strong><\/p>\n<h3>Duration of Personal Data Processing<\/h3>\n<p>We store personal data for a duration of 1 year. We will ensure that users are notified if their data is retained longer than this duration.<\/p>\n<h3>In Case of Data Breach<\/h3>\n<p>In the event of a breach of your personal data, we commit to informing you as well as the Commission d&#8217;Acc\u00e8s \u00e0 l&#8217;Information du Qu\u00e9bec.<\/p>\n<h2>Your Rights<\/h2>\n<h3>User Rights<\/h3>\n<p>If you are a resident of Quebec, according to Law 25, you have specific rights regarding your personal data :<\/p>\n<ul>\n<li>Right to be informed<\/li>\n<li>Right to access<\/li>\n<li>Right to rectification<\/li>\n<li>Right to data portability<\/li>\n<\/ul>\n<p>You have the right to object to the use of your data and to withdraw it. To exercise these rights, contact our data protection officer.<br \/>\nPersonal data<br \/>\nEmail : <strong>info@gestionagir.com<\/strong><br \/>\nPhone : <strong><a href=\"tel:450-232-0082\">450-232-0082<\/a><\/strong><br \/>\nWebsite : <strong>www.gestionagir.com<\/strong><\/p>\n<h3>Right of Access and Rectification<\/h3>\n<p>You can access, modify, or delete your data. To do so, use the same contact information mentioned above.<\/p>\n<h2>Consent and Withdrawal<\/h2>\n<p>You can visit our site without revealing your identity. However, some features require the collection of personal data. You always<br \/>\nhave the choice not to provide this information.<\/p>\n<h3>Minors<\/h3>\n<p>Law 25 specifies that individuals under the age of 14 are considered minors for data collection purposes. Their personal information<br \/>\ncannot be collected without the consent of the parent or legal guardian, except when this collection is<br \/>\nclearly in the minor&#8217;s benefit.<\/p>\n<h3>External Links<\/h3>\n<p>Our site may contain links to other websites. We are not responsible for their privacy practices.<\/p>\n<h3>Contact<\/h3>\n<p>Our privacy policy was last updated on 04\/09\/2024. For any questions<br \/>\nregarding this privacy policy, you can contact us via info@gestionagir.com<br \/>\nBy using our site www.gestionagir.com, you accept the terms of this privacy policy.<\/p>\n<\/div><\/div><\/div><\/div><\/div>\n","protected":false},"excerpt":{"rendered":"","protected":false},"author":3,"featured_media":0,"parent":0,"menu_order":0,"comment_status":"closed","ping_status":"closed","template":"100-width.php","meta":{"_acf_changed":false,"footnotes":""},"class_list":["post-3816","page","type-page","status-publish","hentry"],"acf":[],"_links":{"self":[{"href":"https:\/\/gestionagir.com\/en\/wp-json\/wp\/v2\/pages\/3816","targetHints":{"allow":["GET"]}}],"collection":[{"href":"https:\/\/gestionagir.com\/en\/wp-json\/wp\/v2\/pages"}],"about":[{"href":"https:\/\/gestionagir.com\/en\/wp-json\/wp\/v2\/types\/page"}],"author":[{"embeddable":true,"href":"https:\/\/gestionagir.com\/en\/wp-json\/wp\/v2\/users\/3"}],"replies":[{"embeddable":true,"href":"https:\/\/gestionagir.com\/en\/wp-json\/wp\/v2\/comments?post=3816"}],"version-history":[{"count":8,"href":"https:\/\/gestionagir.com\/en\/wp-json\/wp\/v2\/pages\/3816\/revisions"}],"predecessor-version":[{"id":3827,"href":"https:\/\/gestionagir.com\/en\/wp-json\/wp\/v2\/pages\/3816\/revisions\/3827"}],"wp:attachment":[{"href":"https:\/\/gestionagir.com\/en\/wp-json\/wp\/v2\/media?parent=3816"}],"curies":[{"name":"wp","href":"https:\/\/api.w.org\/{rel}","templated":true}]}}